{"id":2,"date":"2018-03-19T12:35:38","date_gmt":"2018-03-19T12:35:38","guid":{"rendered":"http:\/\/www.crinpin.com\/?page_id=2"},"modified":"2026-03-26T16:43:20","modified_gmt":"2026-03-26T16:43:20","slug":"home","status":"publish","type":"page","link":"http:\/\/www.crinpin.com\/","title":{"rendered":"HOME"},"content":{"rendered":"<p>[vc_row tlg_padding=&#8221;pt0 pb0&#8243;][vc_column][vc_raw_html]JTNDbWV0YSUyMG5hbWUlM0QlMjJnb29nbGUtc2l0ZS12ZXJpZmljYXRpb24lMjIlMjBjb250ZW50JTNEJTIyZ01wc0wwUy1wTXNaY2RCaGdQVkczOUUyLXA1QzJuTWg2d0RCUGs1UkZLayUyMiUyMCUyRiUzRQ==[\/vc_raw_html][\/vc_column][\/vc_row][vc_row full_width=&#8221;stretch_row&#8221; tlg_padding=&#8221;pt0 pb0&#8243; el_id=&#8221;banner fulll&#8221;][vc_column offset=&#8221;vc_hidden-sm vc_hidden-xs&#8221;][vc_single_image image=&#8221;4344&#8243; img_size=&#8221;full&#8221; alignment=&#8221;center&#8221;][\/vc_column][\/vc_row][vc_row full_width=&#8221;stretch_row&#8221; tlg_padding=&#8221;pt0 pb0&#8243; el_id=&#8221;banner mobile&#8221;][vc_column offset=&#8221;vc_hidden-lg vc_hidden-md&#8221;][vc_single_image image=&#8221;4344&#8243; img_size=&#8221;full&#8221; alignment=&#8221;center&#8221;][\/vc_column][\/vc_row][vc_row full_width=&#8221;stretch_row&#8221; tlg_padding=&#8221;pt0 pb0&#8243; css=&#8221;.vc_custom_1521464988938{padding-right: 40px !important;padding-left: 40px !important;}&#8221; el_id=&#8221;quemsomos&#8221;][vc_column width=&#8221;1\/12&#8243;][\/vc_column][vc_column width=&#8221;1\/3&#8243; css=&#8221;.vc_custom_1521464410540{margin-top: -30px !important;}&#8221;][vc_single_image image=&#8221;4346&#8243; img_size=&#8221;full&#8221; alignment=&#8221;center&#8221;][\/vc_column][vc_column width=&#8221;1\/3&#8243;]<div class=\"tlg-spacer \" data-height=\"70\" data-height-tablet=\"70\" data-height-mobile=\"70\" style=\"clear:both;display:block;height:70px;\"><\/div>[vc_column_text]<\/p>\n<h5>A Crinpin \u00e9 uma empresa fundada em 2010 em Montevid\u00e9u, Uruguai, para oferecer servi\u00e7o administrativo em diversos produtos internacionais, focando o principal ramo de atividade em investimentos no mercado financeiro e Trust que conduzem produtos voltados a prote\u00e7\u00e3o pessoal e patrimonial.<\/h5>\n<p>[\/vc_column_text]<div class=\"tlg-spacer \" data-height=\"70\" data-height-tablet=\"70\" data-height-mobile=\"70\" style=\"clear:both;display:block;height:70px;\"><\/div>[\/vc_column][\/vc_row][vc_row full_width=&#8221;stretch_row&#8221; tlg_enable_overlay=&#8221;yes&#8221; el_id=&#8221;oquefazemos&#8221; css=&#8221;.vc_custom_1521465197165{background-image: url(http:\/\/www.crinpin.com\/wp-content\/uploads\/2018\/03\/fundoquemsomos.jpg?id=4341) !important;}&#8221; tlg_bg_overlay_value=&#8221;0&#8243;][vc_column]<div class=\"tlg-spacer \" data-height=\"120\" data-height-tablet=\"120\" data-height-mobile=\"120\" style=\"clear:both;display:block;height:120px;\"><\/div>[vc_row_inner][vc_column_inner width=&#8221;1\/12&#8243;][\/vc_column_inner][vc_column_inner width=&#8221;5\/12&#8243; css=&#8221;.vc_custom_1521465521792{padding-left: 40px !important;}&#8221;][vc_single_image image=&#8221;4337&#8243; img_size=&#8221;full&#8221;][vc_column_text]<\/p>\n<h5>Temos expertise em administra\u00e7\u00e3o de produtos financeiros, destacando-nos pela excel\u00eancia no atendimento ao cliente, prezando pela seguran\u00e7a, confid\u00eancia e agilidade.<\/h5>\n<p>[\/vc_column_text][\/vc_column_inner][vc_column_inner width=&#8221;1\/2&#8243;][\/vc_column_inner][\/vc_row_inner]<div class=\"tlg-spacer \" data-height=\"120\" data-height-tablet=\"120\" data-height-mobile=\"120\" style=\"clear:both;display:block;height:120px;\"><\/div>[\/vc_column][\/vc_row][vc_row full_width=&#8221;stretch_row&#8221; tlg_text_align=&#8221;text-center&#8221; el_id=&#8221;paraquemfazemos&#8221; css=&#8221;.vc_custom_1521465663182{background-color: #ffffff !important;}&#8221;][vc_column css=&#8221;.vc_custom_1521479016762{padding-right: 30px !important;padding-left: 30px !important;}&#8221;]<div class=\"tlg-spacer \" data-height=\"120\" data-height-tablet=\"120\" data-height-mobile=\"120\" style=\"clear:both;display:block;height:120px;\"><\/div>[vc_row_inner][vc_column_inner width=&#8221;1\/6&#8243;][\/vc_column_inner][vc_column_inner width=&#8221;2\/3&#8243;][vc_single_image image=&#8221;4358&#8243; img_size=&#8221;full&#8221; alignment=&#8221;center&#8221;]<div class=\"tlg-spacer \" data-height=\"30\" data-height-tablet=\"30\" data-height-mobile=\"30\" style=\"clear:both;display:block;height:30px;\"><\/div>[vc_single_image image=&#8221;4339&#8243; img_size=&#8221;full&#8221; alignment=&#8221;center&#8221;][\/vc_column_inner][vc_column_inner width=&#8221;1\/6&#8243;][\/vc_column_inner][\/vc_row_inner][vc_row_inner][vc_column_inner width=&#8221;1\/6&#8243;][\/vc_column_inner][vc_column_inner width=&#8221;2\/3&#8243;]<div class=\"tlg-spacer \" data-height=\"30\" data-height-tablet=\"30\" data-height-mobile=\"30\" style=\"clear:both;display:block;height:30px;\"><\/div>[vc_column_text]<\/p>\n<h5>Para clientes pessoas f\u00edsica e jur\u00eddicas que necessitem de apoio operacional no mercado internacional &#8211; junto as diversas op\u00e7\u00f5es dispon\u00edveis. E, deste modo, possam ter a tranquilidade de que seus produtos sejam acompanhados e mantidos ativos e saud\u00e1veis.<\/h5>\n<p>[\/vc_column_text][\/vc_column_inner][vc_column_inner width=&#8221;1\/6&#8243;][\/vc_column_inner][\/vc_row_inner]<div class=\"tlg-spacer \" data-height=\"120\" data-height-tablet=\"120\" data-height-mobile=\"120\" style=\"clear:both;display:block;height:120px;\"><\/div>[\/vc_column][\/vc_row][vc_row full_width=&#8221;stretch_row&#8221; tlg_text_align=&#8221;text-center&#8221; css=&#8221;.vc_custom_1527077623140{background-color: #ffffff !important;}&#8221; el_id=&#8221;financeiros&#8221;][vc_column css=&#8221;.vc_custom_1521479016762{padding-right: 30px !important;padding-left: 30px !important;}&#8221;]<div class=\"tlg-spacer \" data-height=\"120\" data-height-tablet=\"120\" data-height-mobile=\"120\" style=\"clear:both;display:block;height:120px;\"><\/div>[vc_row_inner][vc_column_inner width=&#8221;1\/6&#8243;][\/vc_column_inner][vc_column_inner width=&#8221;2\/3&#8243;][vc_single_image image=&#8221;4458&#8243; img_size=&#8221;full&#8221; alignment=&#8221;center&#8221;]<div class=\"tlg-spacer \" data-height=\"30\" data-height-tablet=\"30\" data-height-mobile=\"30\" style=\"clear:both;display:block;height:30px;\"><\/div>[\/vc_column_inner][vc_column_inner width=&#8221;1\/6&#8243;][\/vc_column_inner][\/vc_row_inner][vc_row_inner css=&#8221;.vc_custom_1522703509304{padding-right: 50px !important;padding-left: 50px !important;}&#8221;][vc_column_inner width=&#8221;1\/6&#8243;][vc_single_image image=&#8221;4453&#8243; img_size=&#8221;full&#8221; alignment=&#8221;center&#8221;][\/vc_column_inner][vc_column_inner width=&#8221;1\/6&#8243;][vc_single_image image=&#8221;4454&#8243; img_size=&#8221;full&#8221; alignment=&#8221;center&#8221;][\/vc_column_inner][vc_column_inner width=&#8221;1\/6&#8243;][vc_single_image image=&#8221;4455&#8243; img_size=&#8221;full&#8221; alignment=&#8221;center&#8221;][\/vc_column_inner][vc_column_inner width=&#8221;1\/6&#8243;][vc_single_image image=&#8221;4452&#8243; img_size=&#8221;full&#8221; alignment=&#8221;center&#8221;][\/vc_column_inner][vc_column_inner width=&#8221;1\/6&#8243;][vc_single_image image=&#8221;4459&#8243; img_size=&#8221;full&#8221; alignment=&#8221;center&#8221;][\/vc_column_inner][vc_column_inner width=&#8221;1\/6&#8243;][vc_single_image image=&#8221;4456&#8243; img_size=&#8221;full&#8221; alignment=&#8221;center&#8221;][\/vc_column_inner][\/vc_row_inner][vc_row_inner][vc_column_inner width=&#8221;1\/4&#8243;][\/vc_column_inner][vc_column_inner width=&#8221;1\/6&#8243;][vc_single_image image=&#8221;4449&#8243; img_size=&#8221;full&#8221; alignment=&#8221;center&#8221;][\/vc_column_inner][vc_column_inner width=&#8221;1\/6&#8243;][vc_single_image image=&#8221;4451&#8243; img_size=&#8221;full&#8221; alignment=&#8221;center&#8221;][\/vc_column_inner][vc_column_inner width=&#8221;1\/6&#8243;][vc_single_image image=&#8221;4450&#8243; img_size=&#8221;full&#8221; alignment=&#8221;center&#8221;][\/vc_column_inner][vc_column_inner width=&#8221;1\/4&#8243;][\/vc_column_inner][\/vc_row_inner]<div class=\"tlg-spacer \" data-height=\"120\" data-height-tablet=\"120\" data-height-mobile=\"120\" style=\"clear:both;display:block;height:120px;\"><\/div>[\/vc_column][\/vc_row][vc_row full_width=&#8221;stretch_row&#8221; tlg_padding=&#8221;pt0 pb0&#8243; tlg_enable_overlay=&#8221;yes&#8221; el_id=&#8221;faleconosco&#8221; css=&#8221;.vc_custom_1521478620968{padding-right: 30px !important;padding-left: 30px !important;background-image: url(http:\/\/www.crinpin.com\/wp-content\/uploads\/2018\/03\/fundofale.jpg?id=4359) !important;}&#8221; tlg_bg_overlay_value=&#8221;0&#8243;][vc_column]<div class=\"tlg-spacer \" data-height=\"70\" data-height-tablet=\"70\" data-height-mobile=\"70\" style=\"clear:both;display:block;height:70px;\"><\/div>[vc_row_inner][vc_column_inner width=&#8221;1\/6&#8243;][\/vc_column_inner][vc_column_inner width=&#8221;2\/3&#8243; offset=&#8221;vc_hidden-lg vc_hidden-md&#8221;][vc_single_image image=&#8221;4338&#8243; img_size=&#8221;medium&#8221; alignment=&#8221;center&#8221;][vc_column_text]<\/p>\n<h5 style=\"text-align: center;\"><\/h5>\n<p>[\/vc_column_text][\/vc_column_inner][vc_column_inner width=&#8221;1\/6&#8243;][\/vc_column_inner][\/vc_row_inner][vc_row_inner content_placement=&#8221;middle&#8221;][vc_column_inner width=&#8221;1\/12&#8243; offset=&#8221;vc_hidden-sm vc_hidden-xs&#8221;][\/vc_column_inner][vc_column_inner width=&#8221;5\/12&#8243; offset=&#8221;vc_hidden-sm vc_hidden-xs&#8221;][vc_single_image image=&#8221;4338&#8243; img_size=&#8221;medium&#8221; alignment=&#8221;right&#8221;][\/vc_column_inner][vc_column_inner width=&#8221;5\/12&#8243; offset=&#8221;vc_hidden-sm vc_hidden-xs&#8221;][vc_column_text]<\/p>\n<h5><\/h5>\n<p>[\/vc_column_text][\/vc_column_inner][vc_column_inner width=&#8221;1\/12&#8243; offset=&#8221;vc_hidden-sm vc_hidden-xs&#8221;][\/vc_column_inner][\/vc_row_inner]<div class=\"tlg-spacer \" data-height=\"30\" data-height-tablet=\"30\" data-height-mobile=\"30\" style=\"clear:both;display:block;height:30px;\"><\/div>[vc_row_inner css=&#8221;.vc_custom_1521478578438{padding-right: 30px !important;padding-left: 30px !important;}&#8221;][vc_column_inner width=&#8221;1\/12&#8243;][\/vc_column_inner][vc_column_inner width=&#8221;5\/6&#8243;]<div role=\"form\" class=\"wpcf7\" id=\"wpcf7-f5-o1\" lang=\"pt-BR\" dir=\"ltr\">\n<div class=\"screen-reader-response\"><\/div>\n<form action=\"\/index.php?rest_route=%2Fwp%2Fv2%2Fpages%2F2#wpcf7-f5-o1\" method=\"post\" class=\"wpcf7-form\" novalidate=\"novalidate\">\n<div style=\"display: none;\">\n<input type=\"hidden\" name=\"_wpcf7\" value=\"5\" \/>\n<input type=\"hidden\" name=\"_wpcf7_version\" value=\"5.0.1\" \/>\n<input type=\"hidden\" name=\"_wpcf7_locale\" value=\"pt_BR\" \/>\n<input type=\"hidden\" name=\"_wpcf7_unit_tag\" value=\"wpcf7-f5-o1\" \/>\n<input type=\"hidden\" name=\"_wpcf7_container_post\" value=\"0\" \/>\n<\/div>\n<div class=\"overflow-hidden\">\n<div class=\"col-sm-6\">\n    <span class=\"wpcf7-form-control-wrap seunome\"><input type=\"text\" name=\"seunome\" value=\"\" size=\"40\" class=\"wpcf7-form-control wpcf7-text wpcf7-validates-as-required\" aria-required=\"true\" aria-invalid=\"false\" placeholder=\"seu nome\" \/><\/span>\n<\/div>\n<div class=\"col-sm-6\">\n    <span class=\"wpcf7-form-control-wrap seuemail\"><input type=\"email\" name=\"seuemail\" value=\"\" size=\"40\" class=\"wpcf7-form-control wpcf7-text wpcf7-email wpcf7-validates-as-required wpcf7-validates-as-email\" aria-required=\"true\" aria-invalid=\"false\" placeholder=\"seu email\" \/><\/span>\n<\/div>\n<div class=\"col-sm-6\">\n    <span class=\"wpcf7-form-control-wrap seutelefone\"><input type=\"tel\" name=\"seutelefone\" value=\"\" size=\"40\" class=\"wpcf7-form-control wpcf7-text wpcf7-tel wpcf7-validates-as-required wpcf7-validates-as-tel\" aria-required=\"true\" aria-invalid=\"false\" placeholder=\"seu telefone\" \/><\/span>\n<\/div>\n<div class=\"col-sm-6\">\n    <span class=\"wpcf7-form-control-wrap seuassunto\"><input type=\"text\" name=\"seuassunto\" value=\"\" size=\"40\" class=\"wpcf7-form-control wpcf7-text wpcf7-validates-as-required\" aria-required=\"true\" aria-invalid=\"false\" placeholder=\"assunto\" \/><\/span>\n<\/div>\n<div class=\"col-sm-12\">\n    <span class=\"wpcf7-form-control-wrap mensagem\"><textarea name=\"mensagem\" cols=\"40\" rows=\"10\" class=\"wpcf7-form-control wpcf7-textarea wpcf7-validates-as-required\" aria-required=\"true\" aria-invalid=\"false\" placeholder=\"mensagem\"><\/textarea><\/span>\n<\/div>\n<div class=\"col-sm-4\">\n<p><input type=\"submit\" value=\"ENVIAR\" class=\"wpcf7-form-control wpcf7-submit\" \/>\n<\/p><\/div>\n<div class=\"wpcf7-response-output wpcf7-display-none\"><\/div><\/form><\/div>[\/vc_column_inner][vc_column_inner width=&#8221;1\/12&#8243;][\/vc_column_inner][\/vc_row_inner]<div class=\"tlg-spacer \" data-height=\"70\" data-height-tablet=\"70\" data-height-mobile=\"70\" style=\"clear:both;display:block;height:70px;\"><\/div>[\/vc_column][\/vc_row]<\/p>\n","protected":false},"excerpt":{"rendered":"<p>[vc_row tlg_padding=&#8221;pt0 pb0&#8243;][vc_column][vc_raw_html]JTNDbWV0YSUyMG5hbWUlM0QlMjJnb29nbGUtc2l0ZS12ZXJpZmljYXRpb24lMjIlMjBjb250ZW50JTNEJTIyZ01wc0wwUy1wTXNaY2RCaGdQVkczOUUyLXA1QzJuTWg2d0RCUGs1UkZLayUyMiUyMCUyRiUzRQ==[\/vc_raw_html][\/vc_column][\/vc_row][vc_row full_width=&#8221;stretch_row&#8221; tlg_padding=&#8221;pt0 pb0&#8243; el_id=&#8221;banner fulll&#8221;][vc_column offset=&#8221;vc_hidden-sm vc_hidden-xs&#8221;][vc_single_image image=&#8221;4344&#8243; img_size=&#8221;full&#8221; alignment=&#8221;center&#8221;][\/vc_column][\/vc_row][vc_row full_width=&#8221;stretch_row&#8221; tlg_padding=&#8221;pt0 pb0&#8243;&#8230;<\/p>\n","protected":false},"author":1,"featured_media":0,"parent":0,"menu_order":0,"comment_status":"closed","ping_status":"open","template":"","meta":{"footnotes":""},"_links":{"self":[{"href":"http:\/\/www.crinpin.com\/index.php?rest_route=\/wp\/v2\/pages\/2"}],"collection":[{"href":"http:\/\/www.crinpin.com\/index.php?rest_route=\/wp\/v2\/pages"}],"about":[{"href":"http:\/\/www.crinpin.com\/index.php?rest_route=\/wp\/v2\/types\/page"}],"author":[{"embeddable":true,"href":"http:\/\/www.crinpin.com\/index.php?rest_route=\/wp\/v2\/users\/1"}],"replies":[{"embeddable":true,"href":"http:\/\/www.crinpin.com\/index.php?rest_route=%2Fwp%2Fv2%2Fcomments&post=2"}],"version-history":[{"count":13,"href":"http:\/\/www.crinpin.com\/index.php?rest_route=\/wp\/v2\/pages\/2\/revisions"}],"predecessor-version":[{"id":4605,"href":"http:\/\/www.crinpin.com\/index.php?rest_route=\/wp\/v2\/pages\/2\/revisions\/4605"}],"wp:attachment":[{"href":"http:\/\/www.crinpin.com\/index.php?rest_route=%2Fwp%2Fv2%2Fmedia&parent=2"}],"curies":[{"name":"wp","href":"https:\/\/api.w.org\/{rel}","templated":true}]}}