{"id":4432,"date":"2018-04-02T12:28:08","date_gmt":"2018-04-02T12:28:08","guid":{"rendered":"http:\/\/www.crinpin.com\/?page_id=4432"},"modified":"2018-05-23T12:27:46","modified_gmt":"2018-05-23T12:27:46","slug":"espanol","status":"publish","type":"page","link":"http:\/\/www.crinpin.com\/?page_id=4432","title":{"rendered":"esp"},"content":{"rendered":"<p>[vc_row full_width=&#8221;stretch_row&#8221; tlg_padding=&#8221;pt0 pb0&#8243; el_id=&#8221;banner fulll&#8221;][vc_column][vc_single_image image=&#8221;4433&#8243; img_size=&#8221;full&#8221; alignment=&#8221;center&#8221;][\/vc_column][\/vc_row][vc_row full_width=&#8221;stretch_row&#8221; tlg_padding=&#8221;pt0 pb0&#8243; css=&#8221;.vc_custom_1521464988938{padding-right: 40px !important;padding-left: 40px !important;}&#8221; el_id=&#8221;quemsomos&#8221;][vc_column width=&#8221;1\/12&#8243;][\/vc_column][vc_column width=&#8221;1\/3&#8243; css=&#8221;.vc_custom_1521464410540{margin-top: -30px !important;}&#8221;][vc_single_image image=&#8221;4434&#8243; img_size=&#8221;full&#8221; alignment=&#8221;center&#8221;][\/vc_column][vc_column width=&#8221;1\/3&#8243;]<div class=\"tlg-spacer \" data-height=\"70\" data-height-tablet=\"70\" data-height-mobile=\"70\" style=\"clear:both;display:block;height:70px;\"><\/div>[vc_column_text]<\/p>\n<h5>Crinpin es una empresa fundada en 2010 en Montevideo, Uruguay, para ofrecer servicio administrativo en diversos productos internacionales, enfocando la principal rama de actividad en inversiones en el mercado financiero y Trust que conduce productos volcados a protecci\u00f3n personal y patrimonial.<\/h5>\n<p>[\/vc_column_text]<div class=\"tlg-spacer \" data-height=\"70\" data-height-tablet=\"70\" data-height-mobile=\"70\" style=\"clear:both;display:block;height:70px;\"><\/div>[\/vc_column][\/vc_row][vc_row full_width=&#8221;stretch_row&#8221; tlg_enable_overlay=&#8221;yes&#8221; el_id=&#8221;oquefazemos&#8221; css=&#8221;.vc_custom_1521465197165{background-image: url(http:\/\/www.crinpin.com\/wp-content\/uploads\/2018\/03\/fundoquemsomos.jpg?id=4341) !important;}&#8221; tlg_bg_overlay_value=&#8221;0&#8243;][vc_column]<div class=\"tlg-spacer \" data-height=\"120\" data-height-tablet=\"120\" data-height-mobile=\"120\" style=\"clear:both;display:block;height:120px;\"><\/div>[vc_row_inner][vc_column_inner width=&#8221;1\/12&#8243;][\/vc_column_inner][vc_column_inner width=&#8221;5\/12&#8243; css=&#8221;.vc_custom_1521465521792{padding-left: 40px !important;}&#8221;][vc_single_image image=&#8221;4437&#8243; img_size=&#8221;full&#8221;][vc_column_text]<\/p>\n<h5>Tenemos experiencia en administraci\u00f3n de productos financieros, destac\u00e1ndonos por la excelencia en la atenci\u00f3n al cliente, prezando por la seguridad, la confidencia y la agilidad.<\/h5>\n<p>[\/vc_column_text][\/vc_column_inner][vc_column_inner width=&#8221;1\/2&#8243;][\/vc_column_inner][\/vc_row_inner]<div class=\"tlg-spacer \" data-height=\"120\" data-height-tablet=\"120\" data-height-mobile=\"120\" style=\"clear:both;display:block;height:120px;\"><\/div>[\/vc_column][\/vc_row][vc_row full_width=&#8221;stretch_row&#8221; tlg_text_align=&#8221;text-center&#8221; el_id=&#8221;paraquemfazemos&#8221; css=&#8221;.vc_custom_1521465663182{background-color: #ffffff !important;}&#8221;][vc_column css=&#8221;.vc_custom_1521479016762{padding-right: 30px !important;padding-left: 30px !important;}&#8221;]<div class=\"tlg-spacer \" data-height=\"120\" data-height-tablet=\"120\" data-height-mobile=\"120\" style=\"clear:both;display:block;height:120px;\"><\/div>[vc_row_inner][vc_column_inner width=&#8221;1\/6&#8243;][\/vc_column_inner][vc_column_inner width=&#8221;2\/3&#8243;][vc_single_image image=&#8221;4436&#8243; img_size=&#8221;full&#8221; alignment=&#8221;center&#8221;]<div class=\"tlg-spacer \" data-height=\"30\" data-height-tablet=\"30\" data-height-mobile=\"30\" style=\"clear:both;display:block;height:30px;\"><\/div>[vc_single_image image=&#8221;4339&#8243; img_size=&#8221;full&#8221; alignment=&#8221;center&#8221;][\/vc_column_inner][vc_column_inner width=&#8221;1\/6&#8243;][\/vc_column_inner][\/vc_row_inner][vc_row_inner][vc_column_inner width=&#8221;1\/6&#8243;][\/vc_column_inner][vc_column_inner width=&#8221;2\/3&#8243;]<div class=\"tlg-spacer \" data-height=\"30\" data-height-tablet=\"30\" data-height-mobile=\"30\" style=\"clear:both;display:block;height:30px;\"><\/div>[vc_column_text]<\/p>\n<h5>Para clientes personas f\u00edsicas y jur\u00eddicas que necesiten apoyo operacional en el mercado internacional &#8211; junto a las diversas opciones disponibles. Y as\u00ed, teniendo la tranquilidad de que sus productos sean acompa\u00f1ados y mantenidos activos y saludables.<\/h5>\n<p>[\/vc_column_text][\/vc_column_inner][vc_column_inner width=&#8221;1\/6&#8243;][\/vc_column_inner][\/vc_row_inner]<div class=\"tlg-spacer \" data-height=\"120\" data-height-tablet=\"120\" data-height-mobile=\"120\" style=\"clear:both;display:block;height:120px;\"><\/div>[\/vc_column][\/vc_row][vc_row full_width=&#8221;stretch_row&#8221; tlg_text_align=&#8221;text-center&#8221; css=&#8221;.vc_custom_1527077623140{background-color: #ffffff !important;}&#8221; el_id=&#8221;financeiros&#8221;][vc_column css=&#8221;.vc_custom_1521479016762{padding-right: 30px !important;padding-left: 30px !important;}&#8221;]<div class=\"tlg-spacer \" data-height=\"120\" data-height-tablet=\"120\" data-height-mobile=\"120\" style=\"clear:both;display:block;height:120px;\"><\/div>[vc_row_inner][vc_column_inner width=&#8221;1\/6&#8243;][\/vc_column_inner][vc_column_inner width=&#8221;2\/3&#8243;][vc_single_image image=&#8221;4510&#8243; img_size=&#8221;full&#8221; alignment=&#8221;center&#8221;]<div class=\"tlg-spacer \" data-height=\"30\" data-height-tablet=\"30\" data-height-mobile=\"30\" style=\"clear:both;display:block;height:30px;\"><\/div>[\/vc_column_inner][vc_column_inner width=&#8221;1\/6&#8243;][\/vc_column_inner][\/vc_row_inner][vc_row_inner css=&#8221;.vc_custom_1522703509304{padding-right: 50px !important;padding-left: 50px !important;}&#8221;][vc_column_inner width=&#8221;1\/6&#8243;][vc_single_image image=&#8221;4453&#8243; img_size=&#8221;full&#8221; alignment=&#8221;center&#8221;][\/vc_column_inner][vc_column_inner width=&#8221;1\/6&#8243;][vc_single_image image=&#8221;4454&#8243; img_size=&#8221;full&#8221; alignment=&#8221;center&#8221;][\/vc_column_inner][vc_column_inner width=&#8221;1\/6&#8243;][vc_single_image image=&#8221;4455&#8243; img_size=&#8221;full&#8221; alignment=&#8221;center&#8221;][\/vc_column_inner][vc_column_inner width=&#8221;1\/6&#8243;][vc_single_image image=&#8221;4452&#8243; img_size=&#8221;full&#8221; alignment=&#8221;center&#8221;][\/vc_column_inner][vc_column_inner width=&#8221;1\/6&#8243;][vc_single_image image=&#8221;4459&#8243; img_size=&#8221;full&#8221; alignment=&#8221;center&#8221;][\/vc_column_inner][vc_column_inner width=&#8221;1\/6&#8243;][vc_single_image image=&#8221;4456&#8243; img_size=&#8221;full&#8221; alignment=&#8221;center&#8221;][\/vc_column_inner][\/vc_row_inner][vc_row_inner][vc_column_inner width=&#8221;1\/4&#8243;][\/vc_column_inner][vc_column_inner width=&#8221;1\/6&#8243;][vc_single_image image=&#8221;4449&#8243; img_size=&#8221;full&#8221; alignment=&#8221;center&#8221;][\/vc_column_inner][vc_column_inner width=&#8221;1\/6&#8243;][vc_single_image image=&#8221;4451&#8243; img_size=&#8221;full&#8221; alignment=&#8221;center&#8221;][\/vc_column_inner][vc_column_inner width=&#8221;1\/6&#8243;][vc_single_image image=&#8221;4450&#8243; img_size=&#8221;full&#8221; alignment=&#8221;center&#8221;][\/vc_column_inner][vc_column_inner width=&#8221;1\/4&#8243;][\/vc_column_inner][\/vc_row_inner]<div class=\"tlg-spacer \" data-height=\"120\" data-height-tablet=\"120\" data-height-mobile=\"120\" style=\"clear:both;display:block;height:120px;\"><\/div>[\/vc_column][\/vc_row][vc_row full_width=&#8221;stretch_row&#8221; tlg_padding=&#8221;pt0 pb0&#8243; tlg_enable_overlay=&#8221;yes&#8221; el_id=&#8221;faleconosco&#8221; css=&#8221;.vc_custom_1521478620968{padding-right: 30px !important;padding-left: 30px !important;background-image: url(http:\/\/www.crinpin.com\/wp-content\/uploads\/2018\/03\/fundofale.jpg?id=4359) !important;}&#8221; tlg_bg_overlay_value=&#8221;0&#8243;][vc_column]<div class=\"tlg-spacer \" data-height=\"70\" data-height-tablet=\"70\" data-height-mobile=\"70\" style=\"clear:both;display:block;height:70px;\"><\/div>[vc_row_inner][vc_column_inner width=&#8221;1\/6&#8243;][\/vc_column_inner][vc_column_inner width=&#8221;2\/3&#8243; offset=&#8221;vc_hidden-lg vc_hidden-md&#8221;][vc_single_image image=&#8221;4338&#8243; img_size=&#8221;medium&#8221; alignment=&#8221;center&#8221;][vc_column_text]<\/p>\n<h5 style=\"text-align: center;\"><span style=\"color: #ffffff;\">Rua Scoceria 2910 Of 703<\/span><br \/>\n<span style=\"color: #ffffff;\">CP 11300<\/span><br \/>\n<span style=\"color: #ffffff;\">Montevideo &#8211; Uruguay<\/span><br \/>\n<span style=\"color: #ffffff;\">Tel (598) 2713-7999<\/span><br \/>\n<span style=\"color: #ffffff;\">Tel (55 11) 3042-0561 <\/span><\/h5>\n<p>[\/vc_column_text][\/vc_column_inner][vc_column_inner width=&#8221;1\/6&#8243;][\/vc_column_inner][\/vc_row_inner][vc_row_inner content_placement=&#8221;middle&#8221;][vc_column_inner width=&#8221;1\/12&#8243; offset=&#8221;vc_hidden-sm vc_hidden-xs&#8221;][\/vc_column_inner][vc_column_inner width=&#8221;5\/12&#8243; offset=&#8221;vc_hidden-sm vc_hidden-xs&#8221;][vc_single_image image=&#8221;4338&#8243; img_size=&#8221;medium&#8221; alignment=&#8221;right&#8221;][\/vc_column_inner][vc_column_inner width=&#8221;5\/12&#8243; offset=&#8221;vc_hidden-sm vc_hidden-xs&#8221;][vc_column_text]<\/p>\n<h5><span style=\"color: #ffffff;\">Rua Scoceria 2910 Of 703<\/span><br \/>\n<span style=\"color: #ffffff;\">CP 11300<\/span><br \/>\n<span style=\"color: #ffffff;\">Montevideo &#8211; Uruguay<\/span><br \/>\n<span style=\"color: #ffffff;\">Tel (598) 2713-7999<\/span><br \/>\n<span style=\"color: #ffffff;\">Tel (55 11) 3042-0561 <\/span><\/h5>\n<p>[\/vc_column_text][\/vc_column_inner][vc_column_inner width=&#8221;1\/12&#8243; offset=&#8221;vc_hidden-sm vc_hidden-xs&#8221;][\/vc_column_inner][\/vc_row_inner]<div class=\"tlg-spacer \" data-height=\"30\" data-height-tablet=\"30\" data-height-mobile=\"30\" style=\"clear:both;display:block;height:30px;\"><\/div>[vc_row_inner css=&#8221;.vc_custom_1521478578438{padding-right: 30px !important;padding-left: 30px !important;}&#8221;][vc_column_inner width=&#8221;1\/12&#8243;][\/vc_column_inner][vc_column_inner width=&#8221;5\/6&#8243;]<div role=\"form\" class=\"wpcf7\" id=\"wpcf7-f4440-o1\" lang=\"pt-BR\" dir=\"ltr\">\n<div class=\"screen-reader-response\"><\/div>\n<form action=\"\/index.php?rest_route=%2Fwp%2Fv2%2Fpages%2F4432#wpcf7-f4440-o1\" method=\"post\" class=\"wpcf7-form\" novalidate=\"novalidate\">\n<div style=\"display: none;\">\n<input type=\"hidden\" name=\"_wpcf7\" value=\"4440\" \/>\n<input type=\"hidden\" name=\"_wpcf7_version\" value=\"5.0.1\" \/>\n<input type=\"hidden\" name=\"_wpcf7_locale\" value=\"pt_BR\" \/>\n<input type=\"hidden\" name=\"_wpcf7_unit_tag\" value=\"wpcf7-f4440-o1\" \/>\n<input type=\"hidden\" name=\"_wpcf7_container_post\" value=\"0\" \/>\n<\/div>\n<div class=\"overflow-hidden\">\n<div class=\"col-sm-6\">\n    <span class=\"wpcf7-form-control-wrap seunome\"><input type=\"text\" name=\"seunome\" value=\"\" size=\"40\" class=\"wpcf7-form-control wpcf7-text wpcf7-validates-as-required\" aria-required=\"true\" aria-invalid=\"false\" placeholder=\"su nombre\" \/><\/span>\n<\/div>\n<div class=\"col-sm-6\">\n    <span class=\"wpcf7-form-control-wrap seuemail\"><input type=\"email\" name=\"seuemail\" value=\"\" size=\"40\" class=\"wpcf7-form-control wpcf7-text wpcf7-email wpcf7-validates-as-required wpcf7-validates-as-email\" aria-required=\"true\" aria-invalid=\"false\" placeholder=\"su e-mail\" \/><\/span>\n<\/div>\n<div class=\"col-sm-6\">\n    <span class=\"wpcf7-form-control-wrap seutelefone\"><input type=\"tel\" name=\"seutelefone\" value=\"\" size=\"40\" class=\"wpcf7-form-control wpcf7-text wpcf7-tel wpcf7-validates-as-required wpcf7-validates-as-tel\" aria-required=\"true\" aria-invalid=\"false\" placeholder=\"su tel\u00e9fono\" \/><\/span>\n<\/div>\n<div class=\"col-sm-6\">\n    <span class=\"wpcf7-form-control-wrap seuassunto\"><input type=\"text\" name=\"seuassunto\" value=\"\" size=\"40\" class=\"wpcf7-form-control wpcf7-text wpcf7-validates-as-required\" aria-required=\"true\" aria-invalid=\"false\" placeholder=\"sujeto\" \/><\/span>\n<\/div>\n<div class=\"col-sm-12\">\n    <span class=\"wpcf7-form-control-wrap mensagem\"><textarea name=\"mensagem\" cols=\"40\" rows=\"10\" class=\"wpcf7-form-control wpcf7-textarea wpcf7-validates-as-required\" aria-required=\"true\" aria-invalid=\"false\" placeholder=\"mensaje\"><\/textarea><\/span>\n<\/div>\n<div class=\"col-sm-4\">\n<p><input type=\"submit\" value=\"ENVIAR\" class=\"wpcf7-form-control wpcf7-submit\" \/>\n<\/p><\/div>\n<div class=\"wpcf7-response-output wpcf7-display-none\"><\/div><\/form><\/div>[\/vc_column_inner][vc_column_inner width=&#8221;1\/12&#8243;][\/vc_column_inner][\/vc_row_inner]<div class=\"tlg-spacer \" data-height=\"70\" data-height-tablet=\"70\" data-height-mobile=\"70\" style=\"clear:both;display:block;height:70px;\"><\/div>[\/vc_column][\/vc_row]<\/p>\n","protected":false},"excerpt":{"rendered":"<p>[vc_row full_width=&#8221;stretch_row&#8221; tlg_padding=&#8221;pt0 pb0&#8243; el_id=&#8221;banner fulll&#8221;][vc_column][vc_single_image image=&#8221;4433&#8243; img_size=&#8221;full&#8221; alignment=&#8221;center&#8221;][\/vc_column][\/vc_row][vc_row full_width=&#8221;stretch_row&#8221; tlg_padding=&#8221;pt0 pb0&#8243; css=&#8221;.vc_custom_1521464988938{padding-right: 40px !important;padding-left: 40px&#8230;<\/p>\n","protected":false},"author":1,"featured_media":0,"parent":0,"menu_order":0,"comment_status":"closed","ping_status":"open","template":"","meta":{"footnotes":""},"_links":{"self":[{"href":"http:\/\/www.crinpin.com\/index.php?rest_route=\/wp\/v2\/pages\/4432"}],"collection":[{"href":"http:\/\/www.crinpin.com\/index.php?rest_route=\/wp\/v2\/pages"}],"about":[{"href":"http:\/\/www.crinpin.com\/index.php?rest_route=\/wp\/v2\/types\/page"}],"author":[{"embeddable":true,"href":"http:\/\/www.crinpin.com\/index.php?rest_route=\/wp\/v2\/users\/1"}],"replies":[{"embeddable":true,"href":"http:\/\/www.crinpin.com\/index.php?rest_route=%2Fwp%2Fv2%2Fcomments&post=4432"}],"version-history":[{"count":6,"href":"http:\/\/www.crinpin.com\/index.php?rest_route=\/wp\/v2\/pages\/4432\/revisions"}],"predecessor-version":[{"id":4514,"href":"http:\/\/www.crinpin.com\/index.php?rest_route=\/wp\/v2\/pages\/4432\/revisions\/4514"}],"wp:attachment":[{"href":"http:\/\/www.crinpin.com\/index.php?rest_route=%2Fwp%2Fv2%2Fmedia&parent=4432"}],"curies":[{"name":"wp","href":"https:\/\/api.w.org\/{rel}","templated":true}]}}